{"id":16,"date":"2024-03-16T16:45:44","date_gmt":"2024-03-16T15:45:44","guid":{"rendered":"https:\/\/scaryle.de\/?page_id=16"},"modified":"2024-03-16T17:49:02","modified_gmt":"2024-03-16T16:49:02","slug":"single-bett","status":"publish","type":"page","link":"https:\/\/scaryle.de\/?page_id=16","title":{"rendered":"Single-Bett"},"content":{"rendered":"\n<p>Mein zus\u00e4tzliches Einzelbett-Modul  f\u00fcr meine Kurztrips (1,80 m x 0,65 m) ist fertig.<\/p>\n\n\n\n<p>Das zus\u00e4tzliche Modul besteht aus <\/p>\n\n\n\n<ul class=\"wp-block-list\"><li>2 OSB-Platten 0,9 m x 0,65 m <\/li><li>1 Stangenscharnier 60 cm <\/li><li>2 Dachlatten 2,0 m x 4,6 cm x 2,5 cm <\/li><\/ul>\n\n\n\n<p>Zun\u00e4chst haben wir Platten abgeschliffen, die Kanten gebrochen und die Platten mit dem Stangenscharnier miteinander verbunden. Anschlie\u00dfend haben wir unter der einen Platte die Dachlatten (3 St\u00fcck \u00e1 95 cm lang) angeschraubt. <\/p>\n\n\n\n<figure class=\"wp-block-gallery has-nested-images columns-default is-cropped wp-block-gallery-1 is-layout-flex wp-block-gallery-is-layout-flex\">\n<figure class=\"wp-block-image size-large\"><img loading=\"lazy\" decoding=\"async\" width=\"384\" height=\"384\" data-id=\"101\" src=\"https:\/\/scaryle.de\/wp-content\/uploads\/2024\/03\/IMG_3105-Copy-Copy.png\" alt=\"\" class=\"wp-image-101\" srcset=\"https:\/\/scaryle.de\/wp-content\/uploads\/2024\/03\/IMG_3105-Copy-Copy.png 384w, https:\/\/scaryle.de\/wp-content\/uploads\/2024\/03\/IMG_3105-Copy-Copy-300x300.png 300w, https:\/\/scaryle.de\/wp-content\/uploads\/2024\/03\/IMG_3105-Copy-Copy-150x150.png 150w\" sizes=\"auto, (max-width: 384px) 100vw, 384px\" \/><\/figure>\n\n\n\n<figure class=\"wp-block-image size-large\"><img loading=\"lazy\" decoding=\"async\" width=\"384\" height=\"384\" data-id=\"100\" src=\"https:\/\/scaryle.de\/wp-content\/uploads\/2024\/03\/IMG_3106-Copy-Copy.png\" alt=\"\" class=\"wp-image-100\" srcset=\"https:\/\/scaryle.de\/wp-content\/uploads\/2024\/03\/IMG_3106-Copy-Copy.png 384w, https:\/\/scaryle.de\/wp-content\/uploads\/2024\/03\/IMG_3106-Copy-Copy-300x300.png 300w, https:\/\/scaryle.de\/wp-content\/uploads\/2024\/03\/IMG_3106-Copy-Copy-150x150.png 150w\" sizes=\"auto, (max-width: 384px) 100vw, 384px\" \/><\/figure>\n\n\n\n<figure class=\"wp-block-image size-large\"><img loading=\"lazy\" decoding=\"async\" width=\"384\" height=\"384\" data-id=\"98\" src=\"https:\/\/scaryle.de\/wp-content\/uploads\/2024\/03\/IMG_3110-Copy-Copy.png\" alt=\"\" class=\"wp-image-98\" srcset=\"https:\/\/scaryle.de\/wp-content\/uploads\/2024\/03\/IMG_3110-Copy-Copy.png 384w, https:\/\/scaryle.de\/wp-content\/uploads\/2024\/03\/IMG_3110-Copy-Copy-300x300.png 300w, https:\/\/scaryle.de\/wp-content\/uploads\/2024\/03\/IMG_3110-Copy-Copy-150x150.png 150w\" sizes=\"auto, (max-width: 384px) 100vw, 384px\" \/><\/figure>\n\n\n\n<figure class=\"wp-block-image size-large\"><img loading=\"lazy\" decoding=\"async\" width=\"384\" height=\"384\" data-id=\"99\" src=\"https:\/\/scaryle.de\/wp-content\/uploads\/2024\/03\/IMG_3111-Copy-Copy.png\" alt=\"\" class=\"wp-image-99\" srcset=\"https:\/\/scaryle.de\/wp-content\/uploads\/2024\/03\/IMG_3111-Copy-Copy.png 384w, https:\/\/scaryle.de\/wp-content\/uploads\/2024\/03\/IMG_3111-Copy-Copy-300x300.png 300w, https:\/\/scaryle.de\/wp-content\/uploads\/2024\/03\/IMG_3111-Copy-Copy-150x150.png 150w\" sizes=\"auto, (max-width: 384px) 100vw, 384px\" \/><\/figure>\n\n\n\n<figure class=\"wp-block-image size-large\"><img loading=\"lazy\" decoding=\"async\" width=\"384\" height=\"384\" data-id=\"102\" src=\"https:\/\/scaryle.de\/wp-content\/uploads\/2024\/03\/IMG_3112-Copy-Copy.png\" alt=\"\" class=\"wp-image-102\" srcset=\"https:\/\/scaryle.de\/wp-content\/uploads\/2024\/03\/IMG_3112-Copy-Copy.png 384w, https:\/\/scaryle.de\/wp-content\/uploads\/2024\/03\/IMG_3112-Copy-Copy-300x300.png 300w, https:\/\/scaryle.de\/wp-content\/uploads\/2024\/03\/IMG_3112-Copy-Copy-150x150.png 150w\" sizes=\"auto, (max-width: 384px) 100vw, 384px\" \/><\/figure>\n\n\n\n<figure class=\"wp-block-image size-large\"><img loading=\"lazy\" decoding=\"async\" width=\"384\" height=\"384\" data-id=\"97\" src=\"https:\/\/scaryle.de\/wp-content\/uploads\/2024\/03\/IMG_3114-Copy-Copy.png\" alt=\"\" class=\"wp-image-97\" srcset=\"https:\/\/scaryle.de\/wp-content\/uploads\/2024\/03\/IMG_3114-Copy-Copy.png 384w, https:\/\/scaryle.de\/wp-content\/uploads\/2024\/03\/IMG_3114-Copy-Copy-300x300.png 300w, https:\/\/scaryle.de\/wp-content\/uploads\/2024\/03\/IMG_3114-Copy-Copy-150x150.png 150w\" sizes=\"auto, (max-width: 384px) 100vw, 384px\" \/><\/figure>\n<\/figure>\n\n\n\n<p>Es liegt \u201eeinfach\u201c auf der bereits vorhandenen Campingbox im Caddy . Den dadurch entstehenden H\u00f6henunterschied zur R\u00fcckbank habe ich mit Dachlatten ausgeglichen , die gleichzeitig den zwischen R\u00fcckbank und Fahrersitz in der Luft schwebenden Teil der Konstruktion tragen und das Beste daran, das Bett kann problemlos im Auto bleiben und ich trotzdem normal fahren (da bewegt sich nichts, das Bett geht exakt von Heckklappe bis zum Fahrersitz und damit weder dem Sitz noch der Klappe etwas passiert habe ich Heizungsrohrverkleidung als Kantenschutz verwendet)\u2026&nbsp;<\/p>\n\n\n\n<p>Ziel war es, ein schmales Bett zu haben, um den dritten R\u00fccksitz nutzen zu k\u00f6nnen und um Platz f\u00fcr ein &#8222;Notfall-WC&#8220; (um auch ab und an autark stehen zu k\u00f6nnen) zu haben, ohne die Campingbox herausnehmen zu m\u00fcssen. Zu zweit schlafen wir nur auf Campingpl\u00e4tzen, da brauchen wir die Toilette nicht.<\/p>\n\n\n\n<figure class=\"wp-block-gallery has-nested-images columns-default is-cropped wp-block-gallery-2 is-layout-flex wp-block-gallery-is-layout-flex\">\n<figure class=\"wp-block-image size-large\"><img loading=\"lazy\" decoding=\"async\" width=\"384\" height=\"384\" data-id=\"105\" src=\"https:\/\/scaryle.de\/wp-content\/uploads\/2024\/03\/IMG_3135-Copy-Copy.png\" alt=\"\" class=\"wp-image-105\" srcset=\"https:\/\/scaryle.de\/wp-content\/uploads\/2024\/03\/IMG_3135-Copy-Copy.png 384w, https:\/\/scaryle.de\/wp-content\/uploads\/2024\/03\/IMG_3135-Copy-Copy-300x300.png 300w, https:\/\/scaryle.de\/wp-content\/uploads\/2024\/03\/IMG_3135-Copy-Copy-150x150.png 150w\" sizes=\"auto, (max-width: 384px) 100vw, 384px\" \/><\/figure>\n\n\n\n<figure class=\"wp-block-image size-large\"><img loading=\"lazy\" decoding=\"async\" width=\"384\" height=\"384\" data-id=\"107\" src=\"https:\/\/scaryle.de\/wp-content\/uploads\/2024\/03\/IMG_3138-Copy-Copy.png\" alt=\"\" class=\"wp-image-107\" srcset=\"https:\/\/scaryle.de\/wp-content\/uploads\/2024\/03\/IMG_3138-Copy-Copy.png 384w, https:\/\/scaryle.de\/wp-content\/uploads\/2024\/03\/IMG_3138-Copy-Copy-300x300.png 300w, https:\/\/scaryle.de\/wp-content\/uploads\/2024\/03\/IMG_3138-Copy-Copy-150x150.png 150w\" sizes=\"auto, (max-width: 384px) 100vw, 384px\" \/><\/figure>\n\n\n\n<figure class=\"wp-block-image size-large\"><img loading=\"lazy\" decoding=\"async\" width=\"384\" height=\"384\" data-id=\"103\" src=\"https:\/\/scaryle.de\/wp-content\/uploads\/2024\/03\/IMG_3134-Copy-Copy.png\" alt=\"\" class=\"wp-image-103\" srcset=\"https:\/\/scaryle.de\/wp-content\/uploads\/2024\/03\/IMG_3134-Copy-Copy.png 384w, https:\/\/scaryle.de\/wp-content\/uploads\/2024\/03\/IMG_3134-Copy-Copy-300x300.png 300w, https:\/\/scaryle.de\/wp-content\/uploads\/2024\/03\/IMG_3134-Copy-Copy-150x150.png 150w\" sizes=\"auto, (max-width: 384px) 100vw, 384px\" \/><\/figure>\n\n\n\n<figure class=\"wp-block-image size-large\"><img loading=\"lazy\" decoding=\"async\" width=\"384\" height=\"384\" data-id=\"104\" src=\"https:\/\/scaryle.de\/wp-content\/uploads\/2024\/03\/IMG_3140-Copy-Copy.png\" alt=\"\" class=\"wp-image-104\" srcset=\"https:\/\/scaryle.de\/wp-content\/uploads\/2024\/03\/IMG_3140-Copy-Copy.png 384w, https:\/\/scaryle.de\/wp-content\/uploads\/2024\/03\/IMG_3140-Copy-Copy-300x300.png 300w, https:\/\/scaryle.de\/wp-content\/uploads\/2024\/03\/IMG_3140-Copy-Copy-150x150.png 150w\" sizes=\"auto, (max-width: 384px) 100vw, 384px\" \/><\/figure>\n\n\n\n<figure class=\"wp-block-image size-large\"><img loading=\"lazy\" decoding=\"async\" width=\"384\" height=\"384\" data-id=\"108\" src=\"https:\/\/scaryle.de\/wp-content\/uploads\/2024\/03\/IMG_3143-Copy-Copy.png\" alt=\"\" class=\"wp-image-108\" srcset=\"https:\/\/scaryle.de\/wp-content\/uploads\/2024\/03\/IMG_3143-Copy-Copy.png 384w, https:\/\/scaryle.de\/wp-content\/uploads\/2024\/03\/IMG_3143-Copy-Copy-300x300.png 300w, https:\/\/scaryle.de\/wp-content\/uploads\/2024\/03\/IMG_3143-Copy-Copy-150x150.png 150w\" sizes=\"auto, (max-width: 384px) 100vw, 384px\" \/><\/figure>\n\n\n\n<figure class=\"wp-block-image size-large\"><img loading=\"lazy\" decoding=\"async\" width=\"384\" height=\"384\" data-id=\"106\" src=\"https:\/\/scaryle.de\/wp-content\/uploads\/2024\/03\/IMG_3144-Copy-Copy.png\" alt=\"\" class=\"wp-image-106\" srcset=\"https:\/\/scaryle.de\/wp-content\/uploads\/2024\/03\/IMG_3144-Copy-Copy.png 384w, https:\/\/scaryle.de\/wp-content\/uploads\/2024\/03\/IMG_3144-Copy-Copy-300x300.png 300w, https:\/\/scaryle.de\/wp-content\/uploads\/2024\/03\/IMG_3144-Copy-Copy-150x150.png 150w\" sizes=\"auto, (max-width: 384px) 100vw, 384px\" \/><\/figure>\n\n\n\n<figure class=\"wp-block-image size-large\"><img loading=\"lazy\" decoding=\"async\" width=\"384\" height=\"384\" data-id=\"109\" src=\"https:\/\/scaryle.de\/wp-content\/uploads\/2024\/03\/IMG_3147-Copy-Copy.png\" alt=\"\" class=\"wp-image-109\" srcset=\"https:\/\/scaryle.de\/wp-content\/uploads\/2024\/03\/IMG_3147-Copy-Copy.png 384w, https:\/\/scaryle.de\/wp-content\/uploads\/2024\/03\/IMG_3147-Copy-Copy-300x300.png 300w, https:\/\/scaryle.de\/wp-content\/uploads\/2024\/03\/IMG_3147-Copy-Copy-150x150.png 150w\" sizes=\"auto, (max-width: 384px) 100vw, 384px\" \/><\/figure>\n\n\n\n<figure class=\"wp-block-image size-large\"><img loading=\"lazy\" decoding=\"async\" width=\"384\" height=\"384\" data-id=\"110\" src=\"https:\/\/scaryle.de\/wp-content\/uploads\/2024\/03\/IMG_3148-Copy-Copy.png\" alt=\"\" class=\"wp-image-110\" srcset=\"https:\/\/scaryle.de\/wp-content\/uploads\/2024\/03\/IMG_3148-Copy-Copy.png 384w, https:\/\/scaryle.de\/wp-content\/uploads\/2024\/03\/IMG_3148-Copy-Copy-300x300.png 300w, https:\/\/scaryle.de\/wp-content\/uploads\/2024\/03\/IMG_3148-Copy-Copy-150x150.png 150w\" sizes=\"auto, (max-width: 384px) 100vw, 384px\" \/><\/figure>\n<\/figure>\n","protected":false},"excerpt":{"rendered":"<p>Mein zus\u00e4tzliches Einzelbett-Modul f\u00fcr meine Kurztrips (1,80 m x 0,65 m) ist fertig. Das zus\u00e4tzliche Modul besteht aus 2 OSB-Platten<\/p>\n","protected":false},"author":1,"featured_media":0,"parent":0,"menu_order":0,"comment_status":"closed","ping_status":"closed","template":"","meta":{"footnotes":""},"class_list":["post-16","page","type-page","status-publish","hentry","comments-off"],"_links":{"self":[{"href":"https:\/\/scaryle.de\/index.php?rest_route=\/wp\/v2\/pages\/16","targetHints":{"allow":["GET"]}}],"collection":[{"href":"https:\/\/scaryle.de\/index.php?rest_route=\/wp\/v2\/pages"}],"about":[{"href":"https:\/\/scaryle.de\/index.php?rest_route=\/wp\/v2\/types\/page"}],"author":[{"embeddable":true,"href":"https:\/\/scaryle.de\/index.php?rest_route=\/wp\/v2\/users\/1"}],"replies":[{"embeddable":true,"href":"https:\/\/scaryle.de\/index.php?rest_route=%2Fwp%2Fv2%2Fcomments&post=16"}],"version-history":[{"count":4,"href":"https:\/\/scaryle.de\/index.php?rest_route=\/wp\/v2\/pages\/16\/revisions"}],"predecessor-version":[{"id":117,"href":"https:\/\/scaryle.de\/index.php?rest_route=\/wp\/v2\/pages\/16\/revisions\/117"}],"wp:attachment":[{"href":"https:\/\/scaryle.de\/index.php?rest_route=%2Fwp%2Fv2%2Fmedia&parent=16"}],"curies":[{"name":"wp","href":"https:\/\/api.w.org\/{rel}","templated":true}]}}