{"id":15,"date":"2024-03-16T16:45:44","date_gmt":"2024-03-16T15:45:44","guid":{"rendered":"https:\/\/scaryle.de\/?page_id=15"},"modified":"2024-03-16T17:29:28","modified_gmt":"2024-03-16T16:29:28","slug":"kuechenschublade","status":"publish","type":"page","link":"https:\/\/scaryle.de\/?page_id=15","title":{"rendered":"K\u00fcchenschublade"},"content":{"rendered":"\n<p>F\u00fcr die K\u00fcchenschublade habe ich mir eine Anleitung aus dem Internet besorgt und wieder alle Teile im Baumarkt zus\u00e4gen lassen. Wir haben dann alle Teile nach Anleitung zusammengeschraubt und das Stangenscharnier f\u00fcr den Ausklapptisch angebracht. <\/p>\n\n\n\n<figure class=\"wp-block-gallery has-nested-images columns-default is-cropped wp-block-gallery-1 is-layout-flex wp-block-gallery-is-layout-flex\">\n<figure class=\"wp-block-image size-large\"><img loading=\"lazy\" decoding=\"async\" width=\"384\" height=\"384\" data-id=\"72\" src=\"https:\/\/scaryle.de\/wp-content\/uploads\/2024\/03\/IMG_0119-Copy-Copy.jpg\" alt=\"\" class=\"wp-image-72\" srcset=\"https:\/\/scaryle.de\/wp-content\/uploads\/2024\/03\/IMG_0119-Copy-Copy.jpg 384w, https:\/\/scaryle.de\/wp-content\/uploads\/2024\/03\/IMG_0119-Copy-Copy-300x300.jpg 300w, https:\/\/scaryle.de\/wp-content\/uploads\/2024\/03\/IMG_0119-Copy-Copy-150x150.jpg 150w\" sizes=\"auto, (max-width: 384px) 100vw, 384px\" \/><\/figure>\n\n\n\n<figure class=\"wp-block-image size-large\"><img loading=\"lazy\" decoding=\"async\" width=\"384\" height=\"384\" data-id=\"69\" src=\"https:\/\/scaryle.de\/wp-content\/uploads\/2024\/03\/IMG_0121-Copy-Copy.jpg\" alt=\"\" class=\"wp-image-69\" srcset=\"https:\/\/scaryle.de\/wp-content\/uploads\/2024\/03\/IMG_0121-Copy-Copy.jpg 384w, https:\/\/scaryle.de\/wp-content\/uploads\/2024\/03\/IMG_0121-Copy-Copy-300x300.jpg 300w, https:\/\/scaryle.de\/wp-content\/uploads\/2024\/03\/IMG_0121-Copy-Copy-150x150.jpg 150w\" sizes=\"auto, (max-width: 384px) 100vw, 384px\" \/><\/figure>\n\n\n\n<figure class=\"wp-block-image size-large\"><img loading=\"lazy\" decoding=\"async\" width=\"384\" height=\"384\" data-id=\"74\" src=\"https:\/\/scaryle.de\/wp-content\/uploads\/2024\/03\/IMG_0133-Copy-Copy.jpg\" alt=\"\" class=\"wp-image-74\" srcset=\"https:\/\/scaryle.de\/wp-content\/uploads\/2024\/03\/IMG_0133-Copy-Copy.jpg 384w, https:\/\/scaryle.de\/wp-content\/uploads\/2024\/03\/IMG_0133-Copy-Copy-300x300.jpg 300w, https:\/\/scaryle.de\/wp-content\/uploads\/2024\/03\/IMG_0133-Copy-Copy-150x150.jpg 150w\" sizes=\"auto, (max-width: 384px) 100vw, 384px\" \/><\/figure>\n\n\n\n<figure class=\"wp-block-image size-large\"><img loading=\"lazy\" decoding=\"async\" width=\"384\" height=\"384\" data-id=\"75\" src=\"https:\/\/scaryle.de\/wp-content\/uploads\/2024\/03\/IMG_0137-Copy-Copy.jpg\" alt=\"\" class=\"wp-image-75\" srcset=\"https:\/\/scaryle.de\/wp-content\/uploads\/2024\/03\/IMG_0137-Copy-Copy.jpg 384w, https:\/\/scaryle.de\/wp-content\/uploads\/2024\/03\/IMG_0137-Copy-Copy-300x300.jpg 300w, https:\/\/scaryle.de\/wp-content\/uploads\/2024\/03\/IMG_0137-Copy-Copy-150x150.jpg 150w\" sizes=\"auto, (max-width: 384px) 100vw, 384px\" \/><\/figure>\n\n\n\n<figure class=\"wp-block-image size-large\"><img loading=\"lazy\" decoding=\"async\" width=\"384\" height=\"384\" data-id=\"73\" src=\"https:\/\/scaryle.de\/wp-content\/uploads\/2024\/03\/IMG_0138-Copy-Copy.jpg\" alt=\"\" class=\"wp-image-73\" srcset=\"https:\/\/scaryle.de\/wp-content\/uploads\/2024\/03\/IMG_0138-Copy-Copy.jpg 384w, https:\/\/scaryle.de\/wp-content\/uploads\/2024\/03\/IMG_0138-Copy-Copy-300x300.jpg 300w, https:\/\/scaryle.de\/wp-content\/uploads\/2024\/03\/IMG_0138-Copy-Copy-150x150.jpg 150w\" sizes=\"auto, (max-width: 384px) 100vw, 384px\" \/><\/figure>\n\n\n\n<figure class=\"wp-block-image size-large\"><img loading=\"lazy\" decoding=\"async\" width=\"384\" height=\"384\" data-id=\"70\" src=\"https:\/\/scaryle.de\/wp-content\/uploads\/2024\/03\/IMG_0143-Copy-Copy.jpg\" alt=\"\" class=\"wp-image-70\" srcset=\"https:\/\/scaryle.de\/wp-content\/uploads\/2024\/03\/IMG_0143-Copy-Copy.jpg 384w, https:\/\/scaryle.de\/wp-content\/uploads\/2024\/03\/IMG_0143-Copy-Copy-300x300.jpg 300w, https:\/\/scaryle.de\/wp-content\/uploads\/2024\/03\/IMG_0143-Copy-Copy-150x150.jpg 150w\" sizes=\"auto, (max-width: 384px) 100vw, 384px\" \/><\/figure>\n<\/figure>\n\n\n\n<p>Anschlie\u00dfend haben wir den Deckel noch einmal von der Box abgeschraubt und alle Teile mit Klarlack versiegelt um sie vor Feuchtigkeit zu sch\u00fctzen. <\/p>\n\n\n\n<figure class=\"wp-block-gallery has-nested-images columns-default is-cropped wp-block-gallery-2 is-layout-flex wp-block-gallery-is-layout-flex\">\n<figure class=\"wp-block-image size-large\"><img decoding=\"async\" data-id=\"77\" src=\"https:\/\/scaryle.de\/wp-content\/uploads\/2024\/03\/IMG_0176-Copy-Copy.jpg\" alt=\"\" class=\"wp-image-77\"\/><\/figure>\n\n\n\n<figure class=\"wp-block-image size-large\"><img loading=\"lazy\" decoding=\"async\" width=\"384\" height=\"384\" data-id=\"79\" src=\"https:\/\/scaryle.de\/wp-content\/uploads\/2024\/03\/IMG_0183-Copy-Copy.jpg\" alt=\"\" class=\"wp-image-79\" srcset=\"https:\/\/scaryle.de\/wp-content\/uploads\/2024\/03\/IMG_0183-Copy-Copy.jpg 384w, https:\/\/scaryle.de\/wp-content\/uploads\/2024\/03\/IMG_0183-Copy-Copy-300x300.jpg 300w, https:\/\/scaryle.de\/wp-content\/uploads\/2024\/03\/IMG_0183-Copy-Copy-150x150.jpg 150w\" sizes=\"auto, (max-width: 384px) 100vw, 384px\" \/><\/figure>\n\n\n\n<figure class=\"wp-block-image size-large\"><img loading=\"lazy\" decoding=\"async\" width=\"384\" height=\"384\" data-id=\"81\" src=\"http:\/\/scaryle.de\/wp-content\/uploads\/2024\/03\/IMG_0185-Copy-Copy.jpg\" alt=\"\" class=\"wp-image-81\" srcset=\"https:\/\/scaryle.de\/wp-content\/uploads\/2024\/03\/IMG_0185-Copy-Copy.jpg 384w, https:\/\/scaryle.de\/wp-content\/uploads\/2024\/03\/IMG_0185-Copy-Copy-300x300.jpg 300w, https:\/\/scaryle.de\/wp-content\/uploads\/2024\/03\/IMG_0185-Copy-Copy-150x150.jpg 150w\" sizes=\"auto, (max-width: 384px) 100vw, 384px\" \/><\/figure>\n\n\n\n<figure class=\"wp-block-image size-large\"><img loading=\"lazy\" decoding=\"async\" width=\"384\" height=\"384\" data-id=\"82\" src=\"http:\/\/scaryle.de\/wp-content\/uploads\/2024\/03\/IMG_0186-Copy-Copy.jpg\" alt=\"\" class=\"wp-image-82\" srcset=\"https:\/\/scaryle.de\/wp-content\/uploads\/2024\/03\/IMG_0186-Copy-Copy.jpg 384w, https:\/\/scaryle.de\/wp-content\/uploads\/2024\/03\/IMG_0186-Copy-Copy-300x300.jpg 300w, https:\/\/scaryle.de\/wp-content\/uploads\/2024\/03\/IMG_0186-Copy-Copy-150x150.jpg 150w\" sizes=\"auto, (max-width: 384px) 100vw, 384px\" \/><\/figure>\n\n\n\n<figure class=\"wp-block-image size-large\"><img loading=\"lazy\" decoding=\"async\" width=\"288\" height=\"384\" data-id=\"78\" src=\"https:\/\/scaryle.de\/wp-content\/uploads\/2024\/03\/IMG_0201-Copy-Copy.jpg\" alt=\"\" class=\"wp-image-78\" srcset=\"https:\/\/scaryle.de\/wp-content\/uploads\/2024\/03\/IMG_0201-Copy-Copy.jpg 288w, https:\/\/scaryle.de\/wp-content\/uploads\/2024\/03\/IMG_0201-Copy-Copy-225x300.jpg 225w\" sizes=\"auto, (max-width: 288px) 100vw, 288px\" \/><\/figure>\n\n\n\n<figure class=\"wp-block-image size-large\"><img loading=\"lazy\" decoding=\"async\" width=\"288\" height=\"384\" data-id=\"76\" src=\"https:\/\/scaryle.de\/wp-content\/uploads\/2024\/03\/IMG_0202-Copy-Copy.jpg\" alt=\"\" class=\"wp-image-76\" srcset=\"https:\/\/scaryle.de\/wp-content\/uploads\/2024\/03\/IMG_0202-Copy-Copy.jpg 288w, https:\/\/scaryle.de\/wp-content\/uploads\/2024\/03\/IMG_0202-Copy-Copy-225x300.jpg 225w\" sizes=\"auto, (max-width: 288px) 100vw, 288px\" \/><\/figure>\n<\/figure>\n\n\n\n<p>Nachdem alles trocken war, haben wir Schienen f\u00fcr die K\u00fcchenschublade in die Box und an die Schublade geschraubt. Zu guter Letzt haben wir noch den Deckel aus den drei OSB-Platten wieder befestigt und die Box zur\u00fcck ins Auto. <\/p>\n\n\n\n<figure class=\"wp-block-gallery has-nested-images columns-default is-cropped wp-block-gallery-3 is-layout-flex wp-block-gallery-is-layout-flex\">\n<figure class=\"wp-block-image size-large\"><img loading=\"lazy\" decoding=\"async\" width=\"384\" height=\"384\" data-id=\"87\" src=\"https:\/\/scaryle.de\/wp-content\/uploads\/2024\/03\/IMG_0212-Copy-Copy.jpg\" alt=\"\" class=\"wp-image-87\" srcset=\"https:\/\/scaryle.de\/wp-content\/uploads\/2024\/03\/IMG_0212-Copy-Copy.jpg 384w, https:\/\/scaryle.de\/wp-content\/uploads\/2024\/03\/IMG_0212-Copy-Copy-300x300.jpg 300w, https:\/\/scaryle.de\/wp-content\/uploads\/2024\/03\/IMG_0212-Copy-Copy-150x150.jpg 150w\" sizes=\"auto, (max-width: 384px) 100vw, 384px\" \/><\/figure>\n\n\n\n<figure class=\"wp-block-image size-large\"><img loading=\"lazy\" decoding=\"async\" width=\"384\" height=\"384\" data-id=\"84\" src=\"https:\/\/scaryle.de\/wp-content\/uploads\/2024\/03\/IMG_0213-Copy-Copy.jpg\" alt=\"\" class=\"wp-image-84\" srcset=\"https:\/\/scaryle.de\/wp-content\/uploads\/2024\/03\/IMG_0213-Copy-Copy.jpg 384w, https:\/\/scaryle.de\/wp-content\/uploads\/2024\/03\/IMG_0213-Copy-Copy-300x300.jpg 300w, https:\/\/scaryle.de\/wp-content\/uploads\/2024\/03\/IMG_0213-Copy-Copy-150x150.jpg 150w\" sizes=\"auto, (max-width: 384px) 100vw, 384px\" \/><\/figure>\n\n\n\n<figure class=\"wp-block-image size-large\"><img loading=\"lazy\" decoding=\"async\" width=\"384\" height=\"384\" data-id=\"86\" src=\"https:\/\/scaryle.de\/wp-content\/uploads\/2024\/03\/IMG_0215-Copy-Copy.jpg\" alt=\"\" class=\"wp-image-86\" srcset=\"https:\/\/scaryle.de\/wp-content\/uploads\/2024\/03\/IMG_0215-Copy-Copy.jpg 384w, https:\/\/scaryle.de\/wp-content\/uploads\/2024\/03\/IMG_0215-Copy-Copy-300x300.jpg 300w, https:\/\/scaryle.de\/wp-content\/uploads\/2024\/03\/IMG_0215-Copy-Copy-150x150.jpg 150w\" sizes=\"auto, (max-width: 384px) 100vw, 384px\" \/><\/figure>\n\n\n\n<figure class=\"wp-block-image size-large\"><img loading=\"lazy\" decoding=\"async\" width=\"384\" height=\"384\" data-id=\"85\" src=\"https:\/\/scaryle.de\/wp-content\/uploads\/2024\/03\/IMG_0217-Copy-Copy.jpg\" alt=\"\" class=\"wp-image-85\" srcset=\"https:\/\/scaryle.de\/wp-content\/uploads\/2024\/03\/IMG_0217-Copy-Copy.jpg 384w, https:\/\/scaryle.de\/wp-content\/uploads\/2024\/03\/IMG_0217-Copy-Copy-300x300.jpg 300w, https:\/\/scaryle.de\/wp-content\/uploads\/2024\/03\/IMG_0217-Copy-Copy-150x150.jpg 150w\" sizes=\"auto, (max-width: 384px) 100vw, 384px\" \/><\/figure>\n\n\n\n<figure class=\"wp-block-image size-large\"><img loading=\"lazy\" decoding=\"async\" width=\"384\" height=\"384\" data-id=\"88\" src=\"https:\/\/scaryle.de\/wp-content\/uploads\/2024\/03\/IMG_0221-Copy-Copy.jpg\" alt=\"\" class=\"wp-image-88\" srcset=\"https:\/\/scaryle.de\/wp-content\/uploads\/2024\/03\/IMG_0221-Copy-Copy.jpg 384w, https:\/\/scaryle.de\/wp-content\/uploads\/2024\/03\/IMG_0221-Copy-Copy-300x300.jpg 300w, https:\/\/scaryle.de\/wp-content\/uploads\/2024\/03\/IMG_0221-Copy-Copy-150x150.jpg 150w\" sizes=\"auto, (max-width: 384px) 100vw, 384px\" \/><\/figure>\n\n\n\n<figure class=\"wp-block-image size-large\"><img loading=\"lazy\" decoding=\"async\" width=\"384\" height=\"384\" data-id=\"83\" src=\"https:\/\/scaryle.de\/wp-content\/uploads\/2024\/03\/IMG_0235-Copy-Copy.jpg\" alt=\"\" class=\"wp-image-83\" srcset=\"https:\/\/scaryle.de\/wp-content\/uploads\/2024\/03\/IMG_0235-Copy-Copy.jpg 384w, https:\/\/scaryle.de\/wp-content\/uploads\/2024\/03\/IMG_0235-Copy-Copy-300x300.jpg 300w, https:\/\/scaryle.de\/wp-content\/uploads\/2024\/03\/IMG_0235-Copy-Copy-150x150.jpg 150w\" sizes=\"auto, (max-width: 384px) 100vw, 384px\" \/><\/figure>\n<\/figure>\n\n\n<div class=\"wp-block-image\">\n<figure class=\"aligncenter size-full\"><img loading=\"lazy\" decoding=\"async\" width=\"691\" height=\"691\" src=\"https:\/\/scaryle.de\/wp-content\/uploads\/2024\/03\/IMG_0447-Copy.jpg\" alt=\"\" class=\"wp-image-91\" srcset=\"https:\/\/scaryle.de\/wp-content\/uploads\/2024\/03\/IMG_0447-Copy.jpg 691w, https:\/\/scaryle.de\/wp-content\/uploads\/2024\/03\/IMG_0447-Copy-300x300.jpg 300w, https:\/\/scaryle.de\/wp-content\/uploads\/2024\/03\/IMG_0447-Copy-150x150.jpg 150w\" sizes=\"auto, (max-width: 691px) 100vw, 691px\" \/><\/figure>\n<\/div>","protected":false},"excerpt":{"rendered":"<p>F\u00fcr die K\u00fcchenschublade habe ich mir eine Anleitung aus dem Internet besorgt und wieder alle Teile im Baumarkt zus\u00e4gen lassen.<\/p>\n","protected":false},"author":1,"featured_media":0,"parent":0,"menu_order":0,"comment_status":"closed","ping_status":"closed","template":"","meta":{"footnotes":""},"class_list":["post-15","page","type-page","status-publish","hentry","comments-off"],"_links":{"self":[{"href":"https:\/\/scaryle.de\/index.php?rest_route=\/wp\/v2\/pages\/15","targetHints":{"allow":["GET"]}}],"collection":[{"href":"https:\/\/scaryle.de\/index.php?rest_route=\/wp\/v2\/pages"}],"about":[{"href":"https:\/\/scaryle.de\/index.php?rest_route=\/wp\/v2\/types\/page"}],"author":[{"embeddable":true,"href":"https:\/\/scaryle.de\/index.php?rest_route=\/wp\/v2\/users\/1"}],"replies":[{"embeddable":true,"href":"https:\/\/scaryle.de\/index.php?rest_route=%2Fwp%2Fv2%2Fcomments&post=15"}],"version-history":[{"count":3,"href":"https:\/\/scaryle.de\/index.php?rest_route=\/wp\/v2\/pages\/15\/revisions"}],"predecessor-version":[{"id":92,"href":"https:\/\/scaryle.de\/index.php?rest_route=\/wp\/v2\/pages\/15\/revisions\/92"}],"wp:attachment":[{"href":"https:\/\/scaryle.de\/index.php?rest_route=%2Fwp%2Fv2%2Fmedia&parent=15"}],"curies":[{"name":"wp","href":"https:\/\/api.w.org\/{rel}","templated":true}]}}