{"id":11,"date":"2024-03-16T16:45:44","date_gmt":"2024-03-16T15:45:44","guid":{"rendered":"https:\/\/scaryle.de\/?page_id=11"},"modified":"2024-03-16T17:31:13","modified_gmt":"2024-03-16T16:31:13","slug":"vw-caddy","status":"publish","type":"page","link":"https:\/\/scaryle.de\/?page_id=11","title":{"rendered":"VW Caddy"},"content":{"rendered":"\n<p>Ich m\u00f6chte euch meinen Caddy vorstellen. Wie soll ich sagen, ich liebe dieses Auto. Es gibt mir das Gef\u00fchl<br>von Freiheit, aber auch die Sicherheit, die mir so wichtig ist. <\/p>\n\n\n\n<p><em><strong>Umzugshelfer, Fahrradtransporteuer, Mini-Camper, Alltagsauto<\/strong><\/em> &#8211; Ein Auto f\u00fcr alle Lebenslagen<\/p>\n\n\n\n<p>Ein paar technische (oder auch weniger technische) Daten:<\/p>\n\n\n\n<ul class=\"wp-block-list\"><li><mark style=\"background-color:#ffffff;color:#0939aa\" class=\"has-inline-color\">Baujahr 12\/2009 <\/mark><\/li><li><mark style=\"background-color:#ffffff;color:#0939aa\" class=\"has-inline-color\">\u00a075 PS \/ Schaltgetriebe \u00a0<\/mark><\/li><li><mark style=\"background-color:#ffffff;color:#0939aa\" class=\"has-inline-color\">Anh\u00e4ngerkupplung <\/mark><\/li><li><mark style=\"background-color:#ffffff;color:#0939aa\" class=\"has-inline-color\">5-Sitzer \u00a0<\/mark><\/li><li><mark style=\"background-color:#ffffff;color:#0939aa\" class=\"has-inline-color\">Schiebefenster rechte Schiebet\u00fcr \u00a0<\/mark><\/li><li><mark style=\"background-color:#ffffff;color:#0939aa\" class=\"has-inline-color\">Fahrradhecktr\u00e4ger \u00a0<\/mark><\/li><li><mark style=\"background-color:#ffffff;color:#0939aa\" class=\"has-inline-color\">neuer Keilriemen 10\/2023 <\/mark><\/li><li><mark style=\"background-color:#ffffff;color:#0939aa\" class=\"has-inline-color\">neuer Zahnriemen 11\/2023 <\/mark><\/li><li><mark style=\"background-color:#ffffff;color:#0939aa\" class=\"has-inline-color\">180.000 km 1\/2024<\/mark><\/li><\/ul>\n\n\n\n<p>Wichtig beim Umbau meines Caddy\u00b4s war es mir, dass alle Sitzpl\u00e4tze erhalten bleiben, um das Auto in wenigen Schritten wieder als Alltagsauto verwenden zu k\u00f6nnen. Die einzelnen Ausbauschritte erkl\u00e4re ich im Untermen\u00fc. An dieser Stelle m\u00f6chte ich mich besonders bei meinem Papa bedanken, der mich beim Ausbau meines Caddy\u00b4s nach Kr\u00e4ften unterst\u00fctzt hat. Alleine h\u00e4tte ich die Campingbox und insbesondere die K\u00fcchenschublade nicht umsetzen k\u00f6nnen. <\/p>\n","protected":false},"excerpt":{"rendered":"<p>Ich m\u00f6chte euch meinen Caddy vorstellen. Wie soll ich sagen, ich liebe dieses Auto. Es gibt mir das Gef\u00fchlvon Freiheit,<\/p>\n","protected":false},"author":1,"featured_media":0,"parent":0,"menu_order":0,"comment_status":"closed","ping_status":"closed","template":"","meta":{"footnotes":""},"class_list":["post-11","page","type-page","status-publish","hentry","comments-off"],"_links":{"self":[{"href":"https:\/\/scaryle.de\/index.php?rest_route=\/wp\/v2\/pages\/11","targetHints":{"allow":["GET"]}}],"collection":[{"href":"https:\/\/scaryle.de\/index.php?rest_route=\/wp\/v2\/pages"}],"about":[{"href":"https:\/\/scaryle.de\/index.php?rest_route=\/wp\/v2\/types\/page"}],"author":[{"embeddable":true,"href":"https:\/\/scaryle.de\/index.php?rest_route=\/wp\/v2\/users\/1"}],"replies":[{"embeddable":true,"href":"https:\/\/scaryle.de\/index.php?rest_route=%2Fwp%2Fv2%2Fcomments&post=11"}],"version-history":[{"count":4,"href":"https:\/\/scaryle.de\/index.php?rest_route=\/wp\/v2\/pages\/11\/revisions"}],"predecessor-version":[{"id":94,"href":"https:\/\/scaryle.de\/index.php?rest_route=\/wp\/v2\/pages\/11\/revisions\/94"}],"wp:attachment":[{"href":"https:\/\/scaryle.de\/index.php?rest_route=%2Fwp%2Fv2%2Fmedia&parent=11"}],"curies":[{"name":"wp","href":"https:\/\/api.w.org\/{rel}","templated":true}]}}