{"id":10,"date":"2024-03-16T16:45:44","date_gmt":"2024-03-16T15:45:44","guid":{"rendered":"https:\/\/scaryle.de\/?page_id=10"},"modified":"2024-03-16T17:01:32","modified_gmt":"2024-03-16T16:01:32","slug":"about-me","status":"publish","type":"page","link":"https:\/\/scaryle.de\/?page_id=10","title":{"rendered":"About Me"},"content":{"rendered":"\n<div class=\"wp-block-media-text alignwide is-stacked-on-mobile\"><figure class=\"wp-block-media-text__media\"><img loading=\"lazy\" decoding=\"async\" width=\"1024\" height=\"1024\" src=\"http:\/\/scaryle.de\/wp-content\/uploads\/2024\/03\/Jasmin-Copy-1024x1024.jpg\" alt=\"\" class=\"wp-image-46 size-full\" srcset=\"https:\/\/scaryle.de\/wp-content\/uploads\/2024\/03\/Jasmin-Copy-1024x1024.jpg 1024w, https:\/\/scaryle.de\/wp-content\/uploads\/2024\/03\/Jasmin-Copy-300x300.jpg 300w, https:\/\/scaryle.de\/wp-content\/uploads\/2024\/03\/Jasmin-Copy-150x150.jpg 150w, https:\/\/scaryle.de\/wp-content\/uploads\/2024\/03\/Jasmin-Copy-768x768.jpg 768w, https:\/\/scaryle.de\/wp-content\/uploads\/2024\/03\/Jasmin-Copy-1536x1536.jpg 1536w, https:\/\/scaryle.de\/wp-content\/uploads\/2024\/03\/Jasmin-Copy.jpg 1575w\" sizes=\"auto, (max-width: 1024px) 100vw, 1024px\" \/><\/figure><div class=\"wp-block-media-text__content\">\n<p class=\"has-large-font-size\">&#8222;Wir alle sind Reisende, wir trennen uns, um uns wieder zu begegnen&#8230;&#8220;<\/p>\n<\/div><\/div>\n\n\n\n<p> Mein Name ist Jasmin Yvonne, Jahrgang 1985. Hier auf meiner Seite m\u00f6chte ich euch an meinen Hobbies teilhaben lassen. Hobbies habe ich viele, hin und wieder werde ich gefragt, wann ich das alles mache. Ehrliche Antwort? Das wei\u00df ich manchmal selbst nicht ;o) Aber, wo ein Wille, da ein Weg. Wie \u00fcberall im Leben &#8211; Organisation ist alles.<\/p>\n\n\n\n<p>2016 habe ich mehr oder weniger exzessiv mit dem N\u00e4hen begonnen. Bevorzugt n\u00e4he ich Taschen in jeglicher Form, Handtaschen, kleine T\u00e4schchen, G\u00fcrteltaschen, Strandtaschen&#8230; Ich w\u00fcrde sagen, Taschen sind meine Leidenschaft. Angefangen hat es damals jedoch mit dem K\u00fcrzen von Vorh\u00e4ngen, daf\u00fcr hatte ich die N\u00e4hmaschine eigentlich bekommen. Was soll ich sagen, die Vorh\u00e4nge habe ich bis heute nicht gek\u00fcrzt, aber daf\u00fcr habe ich meinem Auto welche gen\u00e4ht ;o)<\/p>\n\n\n\n<p>Au\u00dferdem fotografiere ich seit einigen Jahren leidenschaftlich verlassene Geb\u00e4ude in Deutschland und seinen Nachbarl\u00e4ndern. Hierf\u00fcr habe ich meinen Caddy zum Mini-Camper ausgebaut, da Hotels auf Dauer zu teuer geworden sind. Hierdurch habe ich meine Liebe zum Reisen entdeckt.<\/p>\n\n\n\n<p>Seit 2020 fahre ich auch gerne mit meinem Mountainbike, einem CUBE AIM :o) Davor war Fahrradfahren f\u00fcr mich eigentlich nur eine M\u00f6glichkeit, um von A nach B zu kommen.<\/p>\n\n\n\n<p>Seit der Kreativmesse 2023 habe ich schlussendlich auch noch das Gie\u00dfen von Kera Flott f\u00fcr mich entdeckt.<\/p>\n","protected":false},"excerpt":{"rendered":"<p>&#8222;Wir alle sind Reisende, wir trennen uns, um uns wieder zu begegnen&#8230;&#8220; Mein Name ist Jasmin Yvonne, Jahrgang 1985. Hier<\/p>\n","protected":false},"author":1,"featured_media":0,"parent":0,"menu_order":0,"comment_status":"closed","ping_status":"closed","template":"","meta":{"footnotes":""},"class_list":["post-10","page","type-page","status-publish","hentry","comments-off"],"_links":{"self":[{"href":"https:\/\/scaryle.de\/index.php?rest_route=\/wp\/v2\/pages\/10","targetHints":{"allow":["GET"]}}],"collection":[{"href":"https:\/\/scaryle.de\/index.php?rest_route=\/wp\/v2\/pages"}],"about":[{"href":"https:\/\/scaryle.de\/index.php?rest_route=\/wp\/v2\/types\/page"}],"author":[{"embeddable":true,"href":"https:\/\/scaryle.de\/index.php?rest_route=\/wp\/v2\/users\/1"}],"replies":[{"embeddable":true,"href":"https:\/\/scaryle.de\/index.php?rest_route=%2Fwp%2Fv2%2Fcomments&post=10"}],"version-history":[{"count":3,"href":"https:\/\/scaryle.de\/index.php?rest_route=\/wp\/v2\/pages\/10\/revisions"}],"predecessor-version":[{"id":47,"href":"https:\/\/scaryle.de\/index.php?rest_route=\/wp\/v2\/pages\/10\/revisions\/47"}],"wp:attachment":[{"href":"https:\/\/scaryle.de\/index.php?rest_route=%2Fwp%2Fv2%2Fmedia&parent=10"}],"curies":[{"name":"wp","href":"https:\/\/api.w.org\/{rel}","templated":true}]}}